{"id":1025,"date":"2025-05-30T13:13:56","date_gmt":"2025-05-30T13:13:56","guid":{"rendered":"http:\/\/www.izmirilahiyatvakfi.org.tr\/?page_id=1025"},"modified":"2025-07-31T13:11:20","modified_gmt":"2025-07-31T13:11:20","slug":"hakkimizda","status":"publish","type":"page","link":"https:\/\/www.izmirilahiyatvakfi.org.tr\/?page_id=1025","title":{"rendered":"HAKKIMIZDA"},"content":{"rendered":"\n<p>Vakf\u0131m\u0131z \u0130zmir \u0130lahiyat Fak\u00fcltesi Vakf\u0131 ad\u0131yla 23 EYL\u00dcL 1986 tarih ve 19230 say\u0131l\u0131 resmi gazetede yay\u0131nlanan kararla kurulmu\u015f ve faaliyetlerine ba\u015flam\u0131\u015ft\u0131r.<\/p>\n\n\n\n<p>Ba\u015fl\u0131ca amac\u0131 fak\u00fcltemizin e\u011fitim \u00f6\u011fretim, ulusal ve uluslararas\u0131 bilimsel faaliyetlerine, \u00f6\u011frencilerine, k\u00fct\u00fcphanesine, \u00f6\u011fretim elemanlar\u0131n\u0131n ilmi bak\u0131mdan kendilerini geli\u015ftirmesine, verimlilik ve temsil imkanlar\u0131n\u0131n artt\u0131r\u0131lmas\u0131na yard\u0131mc\u0131 olmak ve maddi destek sa\u011flamakt\u0131r.<\/p>\n\n\n\n<p>Vakf\u0131m\u0131z kurulu\u015fundan bu yana amac\u0131na uygun olarak bir\u00e7ok faaliyet ger\u00e7ekle\u015ftirmi\u015ftir.<\/p>\n\n\n\n<p><\/p>\n\n\n\n<p><\/p>\n","protected":false},"excerpt":{"rendered":"<p>Vakf\u0131m\u0131z \u0130zmir \u0130lahiyat Fak\u00fcltesi Vakf\u0131 ad\u0131yla 23 EYL\u00dcL 1986 tarih ve 19230 say\u0131l\u0131 resmi gazetede yay\u0131nlanan kararla kurulmu\u015f ve faaliyetlerine ba\u015flam\u0131\u015ft\u0131r. Ba\u015fl\u0131ca amac\u0131 fak\u00fcltemizin e\u011fitim \u00f6\u011fretim, ulusal ve uluslararas\u0131 bilimsel faaliyetlerine, \u00f6\u011frencilerine, k\u00fct\u00fcphanesine, \u00f6\u011fretim elemanlar\u0131n\u0131n ilmi bak\u0131mdan kendilerini geli\u015ftirmesine, verimlilik ve temsil imkanlar\u0131n\u0131n artt\u0131r\u0131lmas\u0131na yard\u0131mc\u0131 olmak ve maddi destek sa\u011flamakt\u0131r. Vakf\u0131m\u0131z kurulu\u015fundan bu yana amac\u0131na&hellip;&nbsp;<a href=\"https:\/\/www.izmirilahiyatvakfi.org.tr\/?page_id=1025\" rel=\"bookmark\">Daha fazlas\u0131n\u0131 oku &raquo;<span class=\"screen-reader-text\">HAKKIMIZDA<\/span><\/a><\/p>\n","protected":false},"author":1,"featured_media":0,"parent":0,"menu_order":0,"comment_status":"closed","ping_status":"closed","template":"","meta":{"neve_meta_sidebar":"","neve_meta_container":"","neve_meta_enable_content_width":"","neve_meta_content_width":0,"neve_meta_title_alignment":"","neve_meta_author_avatar":"","neve_post_elements_order":"","neve_meta_disable_header":"","neve_meta_disable_footer":"","neve_meta_disable_title":"","_themeisle_gutenberg_block_has_review":false,"footnotes":""},"class_list":["post-1025","page","type-page","status-publish","hentry"],"_links":{"self":[{"href":"https:\/\/www.izmirilahiyatvakfi.org.tr\/index.php?rest_route=\/wp\/v2\/pages\/1025","targetHints":{"allow":["GET"]}}],"collection":[{"href":"https:\/\/www.izmirilahiyatvakfi.org.tr\/index.php?rest_route=\/wp\/v2\/pages"}],"about":[{"href":"https:\/\/www.izmirilahiyatvakfi.org.tr\/index.php?rest_route=\/wp\/v2\/types\/page"}],"author":[{"embeddable":true,"href":"https:\/\/www.izmirilahiyatvakfi.org.tr\/index.php?rest_route=\/wp\/v2\/users\/1"}],"replies":[{"embeddable":true,"href":"https:\/\/www.izmirilahiyatvakfi.org.tr\/index.php?rest_route=%2Fwp%2Fv2%2Fcomments&post=1025"}],"version-history":[{"count":3,"href":"https:\/\/www.izmirilahiyatvakfi.org.tr\/index.php?rest_route=\/wp\/v2\/pages\/1025\/revisions"}],"predecessor-version":[{"id":1103,"href":"https:\/\/www.izmirilahiyatvakfi.org.tr\/index.php?rest_route=\/wp\/v2\/pages\/1025\/revisions\/1103"}],"wp:attachment":[{"href":"https:\/\/www.izmirilahiyatvakfi.org.tr\/index.php?rest_route=%2Fwp%2Fv2%2Fmedia&parent=1025"}],"curies":[{"name":"wp","href":"https:\/\/api.w.org\/{rel}","templated":true}]}}