{"id":1029,"date":"2025-05-30T13:13:56","date_gmt":"2025-05-30T13:13:56","guid":{"rendered":"http:\/\/www.izmirilahiyatvakfi.org.tr\/?page_id=1029"},"modified":"2025-12-16T14:18:24","modified_gmt":"2025-12-16T14:18:24","slug":"galeri","status":"publish","type":"page","link":"https:\/\/www.izmirilahiyatvakfi.org.tr\/?page_id=1029","title":{"rendered":"GALER\u0130"},"content":{"rendered":"<div class=\"wp-block-post-excerpt\"><p class=\"wp-block-post-excerpt__excerpt\">Vak\u0131flar Toplant\u0131s\u0131 <\/p><\/div>\n\n\n<figure class=\"wp-block-gallery has-nested-images columns-default is-cropped wp-block-gallery-1 is-layout-flex wp-block-gallery-is-layout-flex\">\n<figure class=\"wp-block-image size-large\"><img loading=\"lazy\" decoding=\"async\" width=\"1024\" height=\"576\" data-id=\"1107\" src=\"https:\/\/www.izmirilahiyatvakfi.org.tr\/wp-content\/uploads\/2025\/12\/WhatsApp-Image-2025-12-16-at-14.21.37-1-1024x576.jpeg\" alt=\"\" class=\"wp-image-1107\" srcset=\"https:\/\/www.izmirilahiyatvakfi.org.tr\/wp-content\/uploads\/2025\/12\/WhatsApp-Image-2025-12-16-at-14.21.37-1-1024x576.jpeg 1024w, https:\/\/www.izmirilahiyatvakfi.org.tr\/wp-content\/uploads\/2025\/12\/WhatsApp-Image-2025-12-16-at-14.21.37-1-300x169.jpeg 300w, https:\/\/www.izmirilahiyatvakfi.org.tr\/wp-content\/uploads\/2025\/12\/WhatsApp-Image-2025-12-16-at-14.21.37-1-768x432.jpeg 768w, https:\/\/www.izmirilahiyatvakfi.org.tr\/wp-content\/uploads\/2025\/12\/WhatsApp-Image-2025-12-16-at-14.21.37-1-1536x864.jpeg 1536w, https:\/\/www.izmirilahiyatvakfi.org.tr\/wp-content\/uploads\/2025\/12\/WhatsApp-Image-2025-12-16-at-14.21.37-1.jpeg 1600w\" sizes=\"auto, (max-width: 1024px) 100vw, 1024px\" \/><\/figure>\n\n\n\n<figure class=\"wp-block-image size-large\"><img loading=\"lazy\" decoding=\"async\" width=\"1024\" height=\"576\" data-id=\"1108\" src=\"https:\/\/www.izmirilahiyatvakfi.org.tr\/wp-content\/uploads\/2025\/12\/WhatsApp-Image-2025-12-16-at-14.21.37-2-1024x576.jpeg\" alt=\"\" class=\"wp-image-1108\" srcset=\"https:\/\/www.izmirilahiyatvakfi.org.tr\/wp-content\/uploads\/2025\/12\/WhatsApp-Image-2025-12-16-at-14.21.37-2-1024x576.jpeg 1024w, https:\/\/www.izmirilahiyatvakfi.org.tr\/wp-content\/uploads\/2025\/12\/WhatsApp-Image-2025-12-16-at-14.21.37-2-300x169.jpeg 300w, https:\/\/www.izmirilahiyatvakfi.org.tr\/wp-content\/uploads\/2025\/12\/WhatsApp-Image-2025-12-16-at-14.21.37-2-768x432.jpeg 768w, https:\/\/www.izmirilahiyatvakfi.org.tr\/wp-content\/uploads\/2025\/12\/WhatsApp-Image-2025-12-16-at-14.21.37-2-1536x864.jpeg 1536w, https:\/\/www.izmirilahiyatvakfi.org.tr\/wp-content\/uploads\/2025\/12\/WhatsApp-Image-2025-12-16-at-14.21.37-2.jpeg 1600w\" sizes=\"auto, (max-width: 1024px) 100vw, 1024px\" \/><\/figure>\n\n\n\n<figure class=\"wp-block-image size-large\"><img loading=\"lazy\" decoding=\"async\" width=\"1024\" height=\"576\" data-id=\"1109\" src=\"https:\/\/www.izmirilahiyatvakfi.org.tr\/wp-content\/uploads\/2025\/12\/WhatsApp-Image-2025-12-16-at-14.21.37-3-1024x576.jpeg\" alt=\"\" class=\"wp-image-1109\" srcset=\"https:\/\/www.izmirilahiyatvakfi.org.tr\/wp-content\/uploads\/2025\/12\/WhatsApp-Image-2025-12-16-at-14.21.37-3-1024x576.jpeg 1024w, https:\/\/www.izmirilahiyatvakfi.org.tr\/wp-content\/uploads\/2025\/12\/WhatsApp-Image-2025-12-16-at-14.21.37-3-300x169.jpeg 300w, https:\/\/www.izmirilahiyatvakfi.org.tr\/wp-content\/uploads\/2025\/12\/WhatsApp-Image-2025-12-16-at-14.21.37-3-768x432.jpeg 768w, https:\/\/www.izmirilahiyatvakfi.org.tr\/wp-content\/uploads\/2025\/12\/WhatsApp-Image-2025-12-16-at-14.21.37-3-1536x864.jpeg 1536w, https:\/\/www.izmirilahiyatvakfi.org.tr\/wp-content\/uploads\/2025\/12\/WhatsApp-Image-2025-12-16-at-14.21.37-3.jpeg 1600w\" sizes=\"auto, (max-width: 1024px) 100vw, 1024px\" \/><\/figure>\n\n\n\n<figure class=\"wp-block-image size-large\"><img loading=\"lazy\" decoding=\"async\" width=\"1024\" height=\"576\" data-id=\"1110\" src=\"https:\/\/www.izmirilahiyatvakfi.org.tr\/wp-content\/uploads\/2025\/12\/WhatsApp-Image-2025-12-16-at-14.21.37-1024x576.jpeg\" alt=\"\" class=\"wp-image-1110\" srcset=\"https:\/\/www.izmirilahiyatvakfi.org.tr\/wp-content\/uploads\/2025\/12\/WhatsApp-Image-2025-12-16-at-14.21.37-1024x576.jpeg 1024w, https:\/\/www.izmirilahiyatvakfi.org.tr\/wp-content\/uploads\/2025\/12\/WhatsApp-Image-2025-12-16-at-14.21.37-300x169.jpeg 300w, https:\/\/www.izmirilahiyatvakfi.org.tr\/wp-content\/uploads\/2025\/12\/WhatsApp-Image-2025-12-16-at-14.21.37-768x432.jpeg 768w, https:\/\/www.izmirilahiyatvakfi.org.tr\/wp-content\/uploads\/2025\/12\/WhatsApp-Image-2025-12-16-at-14.21.37-1536x864.jpeg 1536w, https:\/\/www.izmirilahiyatvakfi.org.tr\/wp-content\/uploads\/2025\/12\/WhatsApp-Image-2025-12-16-at-14.21.37.jpeg 1600w\" sizes=\"auto, (max-width: 1024px) 100vw, 1024px\" \/><\/figure>\n\n\n\n<figure class=\"wp-block-image size-large\"><img loading=\"lazy\" decoding=\"async\" width=\"1024\" height=\"576\" data-id=\"1111\" src=\"https:\/\/www.izmirilahiyatvakfi.org.tr\/wp-content\/uploads\/2025\/12\/WhatsApp-Image-2025-12-16-at-14.21.38-1-1024x576.jpeg\" alt=\"\" class=\"wp-image-1111\" srcset=\"https:\/\/www.izmirilahiyatvakfi.org.tr\/wp-content\/uploads\/2025\/12\/WhatsApp-Image-2025-12-16-at-14.21.38-1-1024x576.jpeg 1024w, https:\/\/www.izmirilahiyatvakfi.org.tr\/wp-content\/uploads\/2025\/12\/WhatsApp-Image-2025-12-16-at-14.21.38-1-300x169.jpeg 300w, https:\/\/www.izmirilahiyatvakfi.org.tr\/wp-content\/uploads\/2025\/12\/WhatsApp-Image-2025-12-16-at-14.21.38-1-768x432.jpeg 768w, https:\/\/www.izmirilahiyatvakfi.org.tr\/wp-content\/uploads\/2025\/12\/WhatsApp-Image-2025-12-16-at-14.21.38-1-1536x864.jpeg 1536w, https:\/\/www.izmirilahiyatvakfi.org.tr\/wp-content\/uploads\/2025\/12\/WhatsApp-Image-2025-12-16-at-14.21.38-1.jpeg 1600w\" sizes=\"auto, (max-width: 1024px) 100vw, 1024px\" \/><\/figure>\n\n\n\n<figure class=\"wp-block-image size-large\"><img loading=\"lazy\" decoding=\"async\" width=\"1024\" height=\"576\" data-id=\"1112\" src=\"https:\/\/www.izmirilahiyatvakfi.org.tr\/wp-content\/uploads\/2025\/12\/WhatsApp-Image-2025-12-16-at-14.21.38-2-1024x576.jpeg\" alt=\"\" class=\"wp-image-1112\" srcset=\"https:\/\/www.izmirilahiyatvakfi.org.tr\/wp-content\/uploads\/2025\/12\/WhatsApp-Image-2025-12-16-at-14.21.38-2-1024x576.jpeg 1024w, https:\/\/www.izmirilahiyatvakfi.org.tr\/wp-content\/uploads\/2025\/12\/WhatsApp-Image-2025-12-16-at-14.21.38-2-300x169.jpeg 300w, https:\/\/www.izmirilahiyatvakfi.org.tr\/wp-content\/uploads\/2025\/12\/WhatsApp-Image-2025-12-16-at-14.21.38-2-768x432.jpeg 768w, https:\/\/www.izmirilahiyatvakfi.org.tr\/wp-content\/uploads\/2025\/12\/WhatsApp-Image-2025-12-16-at-14.21.38-2-1536x864.jpeg 1536w, https:\/\/www.izmirilahiyatvakfi.org.tr\/wp-content\/uploads\/2025\/12\/WhatsApp-Image-2025-12-16-at-14.21.38-2.jpeg 1600w\" sizes=\"auto, (max-width: 1024px) 100vw, 1024px\" \/><\/figure>\n\n\n\n<figure class=\"wp-block-image size-large\"><img loading=\"lazy\" decoding=\"async\" width=\"1024\" height=\"576\" data-id=\"1113\" src=\"https:\/\/www.izmirilahiyatvakfi.org.tr\/wp-content\/uploads\/2025\/12\/WhatsApp-Image-2025-12-16-at-14.21.38-3-1024x576.jpeg\" alt=\"\" class=\"wp-image-1113\" srcset=\"https:\/\/www.izmirilahiyatvakfi.org.tr\/wp-content\/uploads\/2025\/12\/WhatsApp-Image-2025-12-16-at-14.21.38-3-1024x576.jpeg 1024w, https:\/\/www.izmirilahiyatvakfi.org.tr\/wp-content\/uploads\/2025\/12\/WhatsApp-Image-2025-12-16-at-14.21.38-3-300x169.jpeg 300w, https:\/\/www.izmirilahiyatvakfi.org.tr\/wp-content\/uploads\/2025\/12\/WhatsApp-Image-2025-12-16-at-14.21.38-3-768x432.jpeg 768w, https:\/\/www.izmirilahiyatvakfi.org.tr\/wp-content\/uploads\/2025\/12\/WhatsApp-Image-2025-12-16-at-14.21.38-3-1536x864.jpeg 1536w, https:\/\/www.izmirilahiyatvakfi.org.tr\/wp-content\/uploads\/2025\/12\/WhatsApp-Image-2025-12-16-at-14.21.38-3.jpeg 1600w\" sizes=\"auto, (max-width: 1024px) 100vw, 1024px\" \/><\/figure>\n\n\n\n<figure class=\"wp-block-image size-large\"><img loading=\"lazy\" decoding=\"async\" width=\"1024\" height=\"576\" data-id=\"1114\" src=\"https:\/\/www.izmirilahiyatvakfi.org.tr\/wp-content\/uploads\/2025\/12\/WhatsApp-Image-2025-12-16-at-14.21.38-4-1024x576.jpeg\" alt=\"\" class=\"wp-image-1114\" srcset=\"https:\/\/www.izmirilahiyatvakfi.org.tr\/wp-content\/uploads\/2025\/12\/WhatsApp-Image-2025-12-16-at-14.21.38-4-1024x576.jpeg 1024w, https:\/\/www.izmirilahiyatvakfi.org.tr\/wp-content\/uploads\/2025\/12\/WhatsApp-Image-2025-12-16-at-14.21.38-4-300x169.jpeg 300w, https:\/\/www.izmirilahiyatvakfi.org.tr\/wp-content\/uploads\/2025\/12\/WhatsApp-Image-2025-12-16-at-14.21.38-4-768x432.jpeg 768w, https:\/\/www.izmirilahiyatvakfi.org.tr\/wp-content\/uploads\/2025\/12\/WhatsApp-Image-2025-12-16-at-14.21.38-4-1536x864.jpeg 1536w, https:\/\/www.izmirilahiyatvakfi.org.tr\/wp-content\/uploads\/2025\/12\/WhatsApp-Image-2025-12-16-at-14.21.38-4.jpeg 1600w\" sizes=\"auto, (max-width: 1024px) 100vw, 1024px\" \/><\/figure>\n\n\n\n<figure class=\"wp-block-image size-large\"><img loading=\"lazy\" decoding=\"async\" width=\"1024\" height=\"576\" data-id=\"1115\" src=\"https:\/\/www.izmirilahiyatvakfi.org.tr\/wp-content\/uploads\/2025\/12\/WhatsApp-Image-2025-12-16-at-14.21.38-1024x576.jpeg\" alt=\"\" class=\"wp-image-1115\" srcset=\"https:\/\/www.izmirilahiyatvakfi.org.tr\/wp-content\/uploads\/2025\/12\/WhatsApp-Image-2025-12-16-at-14.21.38-1024x576.jpeg 1024w, https:\/\/www.izmirilahiyatvakfi.org.tr\/wp-content\/uploads\/2025\/12\/WhatsApp-Image-2025-12-16-at-14.21.38-300x169.jpeg 300w, https:\/\/www.izmirilahiyatvakfi.org.tr\/wp-content\/uploads\/2025\/12\/WhatsApp-Image-2025-12-16-at-14.21.38-768x432.jpeg 768w, https:\/\/www.izmirilahiyatvakfi.org.tr\/wp-content\/uploads\/2025\/12\/WhatsApp-Image-2025-12-16-at-14.21.38-1536x864.jpeg 1536w, https:\/\/www.izmirilahiyatvakfi.org.tr\/wp-content\/uploads\/2025\/12\/WhatsApp-Image-2025-12-16-at-14.21.38.jpeg 1600w\" sizes=\"auto, (max-width: 1024px) 100vw, 1024px\" \/><\/figure>\n\n\n\n<figure class=\"wp-block-image size-large\"><img loading=\"lazy\" decoding=\"async\" width=\"1024\" height=\"576\" data-id=\"1116\" src=\"https:\/\/www.izmirilahiyatvakfi.org.tr\/wp-content\/uploads\/2025\/12\/WhatsApp-Image-2025-12-16-at-14.21.39-1-1024x576.jpeg\" alt=\"\" class=\"wp-image-1116\" srcset=\"https:\/\/www.izmirilahiyatvakfi.org.tr\/wp-content\/uploads\/2025\/12\/WhatsApp-Image-2025-12-16-at-14.21.39-1-1024x576.jpeg 1024w, https:\/\/www.izmirilahiyatvakfi.org.tr\/wp-content\/uploads\/2025\/12\/WhatsApp-Image-2025-12-16-at-14.21.39-1-300x169.jpeg 300w, https:\/\/www.izmirilahiyatvakfi.org.tr\/wp-content\/uploads\/2025\/12\/WhatsApp-Image-2025-12-16-at-14.21.39-1-768x432.jpeg 768w, https:\/\/www.izmirilahiyatvakfi.org.tr\/wp-content\/uploads\/2025\/12\/WhatsApp-Image-2025-12-16-at-14.21.39-1-1536x864.jpeg 1536w, https:\/\/www.izmirilahiyatvakfi.org.tr\/wp-content\/uploads\/2025\/12\/WhatsApp-Image-2025-12-16-at-14.21.39-1.jpeg 1600w\" sizes=\"auto, (max-width: 1024px) 100vw, 1024px\" \/><\/figure>\n\n\n\n<figure class=\"wp-block-image size-large\"><img loading=\"lazy\" decoding=\"async\" width=\"1024\" height=\"576\" data-id=\"1117\" src=\"https:\/\/www.izmirilahiyatvakfi.org.tr\/wp-content\/uploads\/2025\/12\/WhatsApp-Image-2025-12-16-at-14.21.39-2-1024x576.jpeg\" alt=\"\" class=\"wp-image-1117\" srcset=\"https:\/\/www.izmirilahiyatvakfi.org.tr\/wp-content\/uploads\/2025\/12\/WhatsApp-Image-2025-12-16-at-14.21.39-2-1024x576.jpeg 1024w, https:\/\/www.izmirilahiyatvakfi.org.tr\/wp-content\/uploads\/2025\/12\/WhatsApp-Image-2025-12-16-at-14.21.39-2-300x169.jpeg 300w, https:\/\/www.izmirilahiyatvakfi.org.tr\/wp-content\/uploads\/2025\/12\/WhatsApp-Image-2025-12-16-at-14.21.39-2-768x432.jpeg 768w, https:\/\/www.izmirilahiyatvakfi.org.tr\/wp-content\/uploads\/2025\/12\/WhatsApp-Image-2025-12-16-at-14.21.39-2-1536x864.jpeg 1536w, https:\/\/www.izmirilahiyatvakfi.org.tr\/wp-content\/uploads\/2025\/12\/WhatsApp-Image-2025-12-16-at-14.21.39-2.jpeg 1600w\" sizes=\"auto, (max-width: 1024px) 100vw, 1024px\" \/><\/figure>\n\n\n\n<figure class=\"wp-block-image size-large\"><img loading=\"lazy\" decoding=\"async\" width=\"1024\" height=\"576\" data-id=\"1118\" src=\"https:\/\/www.izmirilahiyatvakfi.org.tr\/wp-content\/uploads\/2025\/12\/WhatsApp-Image-2025-12-16-at-14.21.39-1024x576.jpeg\" alt=\"\" class=\"wp-image-1118\" srcset=\"https:\/\/www.izmirilahiyatvakfi.org.tr\/wp-content\/uploads\/2025\/12\/WhatsApp-Image-2025-12-16-at-14.21.39-1024x576.jpeg 1024w, https:\/\/www.izmirilahiyatvakfi.org.tr\/wp-content\/uploads\/2025\/12\/WhatsApp-Image-2025-12-16-at-14.21.39-300x169.jpeg 300w, https:\/\/www.izmirilahiyatvakfi.org.tr\/wp-content\/uploads\/2025\/12\/WhatsApp-Image-2025-12-16-at-14.21.39-768x432.jpeg 768w, https:\/\/www.izmirilahiyatvakfi.org.tr\/wp-content\/uploads\/2025\/12\/WhatsApp-Image-2025-12-16-at-14.21.39-1536x864.jpeg 1536w, https:\/\/www.izmirilahiyatvakfi.org.tr\/wp-content\/uploads\/2025\/12\/WhatsApp-Image-2025-12-16-at-14.21.39.jpeg 1600w\" sizes=\"auto, (max-width: 1024px) 100vw, 1024px\" \/><\/figure>\n<\/figure>\n\n\n<div class=\"wp-block-post-excerpt\"><p class=\"wp-block-post-excerpt__excerpt\">Vak\u0131flar Toplant\u0131s\u0131 <\/p><\/div>\n\n\n<figure class=\"wp-block-gallery has-nested-images columns-default is-cropped wp-block-gallery-2 is-layout-flex wp-block-gallery-is-layout-flex\">\n<figure class=\"wp-block-image size-large\"><img loading=\"lazy\" decoding=\"async\" width=\"1024\" height=\"576\" data-id=\"1046\" src=\"https:\/\/www.izmirilahiyatvakfi.org.tr\/wp-content\/uploads\/2025\/06\/Vakfimizin-katki--1024x576.jpg\" alt=\"\" class=\"wp-image-1046\" srcset=\"https:\/\/www.izmirilahiyatvakfi.org.tr\/wp-content\/uploads\/2025\/06\/Vakfimizin-katki--1024x576.jpg 1024w, https:\/\/www.izmirilahiyatvakfi.org.tr\/wp-content\/uploads\/2025\/06\/Vakfimizin-katki--300x169.jpg 300w, https:\/\/www.izmirilahiyatvakfi.org.tr\/wp-content\/uploads\/2025\/06\/Vakfimizin-katki--768x432.jpg 768w, https:\/\/www.izmirilahiyatvakfi.org.tr\/wp-content\/uploads\/2025\/06\/Vakfimizin-katki--1536x864.jpg 1536w, https:\/\/www.izmirilahiyatvakfi.org.tr\/wp-content\/uploads\/2025\/06\/Vakfimizin-katki-.jpg 1599w\" sizes=\"auto, (max-width: 1024px) 100vw, 1024px\" \/><figcaption class=\"wp-element-caption\">Vak\u0131f yeme\u011fimiz.<\/figcaption><\/figure>\n\n\n\n<figure class=\"wp-block-image size-large\"><img loading=\"lazy\" decoding=\"async\" width=\"1024\" height=\"769\" data-id=\"1045\" src=\"https:\/\/www.izmirilahiyatvakfi.org.tr\/wp-content\/uploads\/2025\/06\/Vakfimizin-katki-2-1024x769.jpg\" alt=\"\" class=\"wp-image-1045\" srcset=\"https:\/\/www.izmirilahiyatvakfi.org.tr\/wp-content\/uploads\/2025\/06\/Vakfimizin-katki-2-1024x769.jpg 1024w, https:\/\/www.izmirilahiyatvakfi.org.tr\/wp-content\/uploads\/2025\/06\/Vakfimizin-katki-2-300x225.jpg 300w, https:\/\/www.izmirilahiyatvakfi.org.tr\/wp-content\/uploads\/2025\/06\/Vakfimizin-katki-2-768x576.jpg 768w, https:\/\/www.izmirilahiyatvakfi.org.tr\/wp-content\/uploads\/2025\/06\/Vakfimizin-katki-2-1536x1153.jpg 1536w, https:\/\/www.izmirilahiyatvakfi.org.tr\/wp-content\/uploads\/2025\/06\/Vakfimizin-katki-2.jpg 2048w\" sizes=\"auto, (max-width: 1024px) 100vw, 1024px\" \/><\/figure>\n\n\n\n<figure class=\"wp-block-image size-large\"><img loading=\"lazy\" decoding=\"async\" width=\"1024\" height=\"769\" data-id=\"1044\" src=\"https:\/\/www.izmirilahiyatvakfi.org.tr\/wp-content\/uploads\/2025\/06\/Vakfimizin-katki-3-1024x769.jpg\" alt=\"\" class=\"wp-image-1044\" srcset=\"https:\/\/www.izmirilahiyatvakfi.org.tr\/wp-content\/uploads\/2025\/06\/Vakfimizin-katki-3-1024x769.jpg 1024w, https:\/\/www.izmirilahiyatvakfi.org.tr\/wp-content\/uploads\/2025\/06\/Vakfimizin-katki-3-300x225.jpg 300w, https:\/\/www.izmirilahiyatvakfi.org.tr\/wp-content\/uploads\/2025\/06\/Vakfimizin-katki-3-768x576.jpg 768w, https:\/\/www.izmirilahiyatvakfi.org.tr\/wp-content\/uploads\/2025\/06\/Vakfimizin-katki-3-1536x1153.jpg 1536w, https:\/\/www.izmirilahiyatvakfi.org.tr\/wp-content\/uploads\/2025\/06\/Vakfimizin-katki-3.jpg 2048w\" sizes=\"auto, (max-width: 1024px) 100vw, 1024px\" \/><\/figure>\n<\/figure>\n\n\n\n<div class=\"wp-block-media-text is-stacked-on-mobile\" style=\"grid-template-columns:25% auto\"><figure class=\"wp-block-media-text__media\"><img loading=\"lazy\" decoding=\"async\" width=\"684\" height=\"1024\" src=\"https:\/\/www.izmirilahiyatvakfi.org.tr\/wp-content\/uploads\/2025\/07\/vakif-tesekkur-684x1024.jpg\" alt=\"\" class=\"wp-image-1098 size-full\" srcset=\"https:\/\/www.izmirilahiyatvakfi.org.tr\/wp-content\/uploads\/2025\/07\/vakif-tesekkur-684x1024.jpg 684w, https:\/\/www.izmirilahiyatvakfi.org.tr\/wp-content\/uploads\/2025\/07\/vakif-tesekkur-200x300.jpg 200w, https:\/\/www.izmirilahiyatvakfi.org.tr\/wp-content\/uploads\/2025\/07\/vakif-tesekkur-768x1150.jpg 768w, https:\/\/www.izmirilahiyatvakfi.org.tr\/wp-content\/uploads\/2025\/07\/vakif-tesekkur-1026x1536.jpg 1026w, https:\/\/www.izmirilahiyatvakfi.org.tr\/wp-content\/uploads\/2025\/07\/vakif-tesekkur-1367x2048.jpg 1367w, https:\/\/www.izmirilahiyatvakfi.org.tr\/wp-content\/uploads\/2025\/07\/vakif-tesekkur-scaled.jpg 1709w\" sizes=\"auto, (max-width: 684px) 100vw, 684px\" \/><\/figure><div class=\"wp-block-media-text__content\">\n<p>2025 Y\u0131l\u0131 Ramazan Ay\u0131nda \u0130zmir&#8217;de tertiplenen iftar bulu\u015fmalar\u0131na yapt\u0131\u011f\u0131m\u0131z katk\u0131 dolay\u0131s\u0131yla Vak\u0131flar Genel M\u00fcd\u00fcrl\u00fc\u011f\u00fc taraf\u0131ndan Vakf\u0131m\u0131za verilen te\u015fekk\u00fcr belgesi.<\/p>\n<\/div><\/div>\n","protected":false},"excerpt":{"rendered":"<p>Vak\u0131flar Toplant\u0131s\u0131 <\/p>\n","protected":false},"author":1,"featured_media":0,"parent":0,"menu_order":0,"comment_status":"closed","ping_status":"closed","template":"","meta":{"neve_meta_sidebar":"","neve_meta_container":"","neve_meta_enable_content_width":"","neve_meta_content_width":0,"neve_meta_title_alignment":"","neve_meta_author_avatar":"","neve_post_elements_order":"","neve_meta_disable_header":"","neve_meta_disable_footer":"","neve_meta_disable_title":"","_themeisle_gutenberg_block_has_review":false,"footnotes":""},"class_list":["post-1029","page","type-page","status-publish","hentry"],"_links":{"self":[{"href":"https:\/\/www.izmirilahiyatvakfi.org.tr\/index.php?rest_route=\/wp\/v2\/pages\/1029","targetHints":{"allow":["GET"]}}],"collection":[{"href":"https:\/\/www.izmirilahiyatvakfi.org.tr\/index.php?rest_route=\/wp\/v2\/pages"}],"about":[{"href":"https:\/\/www.izmirilahiyatvakfi.org.tr\/index.php?rest_route=\/wp\/v2\/types\/page"}],"author":[{"embeddable":true,"href":"https:\/\/www.izmirilahiyatvakfi.org.tr\/index.php?rest_route=\/wp\/v2\/users\/1"}],"replies":[{"embeddable":true,"href":"https:\/\/www.izmirilahiyatvakfi.org.tr\/index.php?rest_route=%2Fwp%2Fv2%2Fcomments&post=1029"}],"version-history":[{"count":17,"href":"https:\/\/www.izmirilahiyatvakfi.org.tr\/index.php?rest_route=\/wp\/v2\/pages\/1029\/revisions"}],"predecessor-version":[{"id":1137,"href":"https:\/\/www.izmirilahiyatvakfi.org.tr\/index.php?rest_route=\/wp\/v2\/pages\/1029\/revisions\/1137"}],"wp:attachment":[{"href":"https:\/\/www.izmirilahiyatvakfi.org.tr\/index.php?rest_route=%2Fwp%2Fv2%2Fmedia&parent=1029"}],"curies":[{"name":"wp","href":"https:\/\/api.w.org\/{rel}","templated":true}]}}