{"id":946,"date":"2020-01-13T11:17:52","date_gmt":"2020-01-13T11:17:52","guid":{"rendered":"https:\/\/demosites.io\/marketing-agency-gb\/?page_id=5"},"modified":"2025-08-01T05:44:28","modified_gmt":"2025-08-01T05:44:28","slug":"bcd31-home","status":"publish","type":"page","link":"https:\/\/www.izmirilahiyatvakfi.org.tr\/","title":{"rendered":"Ana Sayfa"},"content":{"rendered":"\n<div style=\"height:40px\" aria-hidden=\"true\" class=\"wp-block-spacer\"><\/div>\n\n\n<div class=\"wp-block-image\">\n<figure class=\"aligncenter size-large is-resized\"><img loading=\"lazy\" decoding=\"async\" width=\"1024\" height=\"246\" src=\"http:\/\/www.izmirilahiyatvakfi.org.tr\/wp-content\/uploads\/2025\/05\/TEST1-1024x246.jpg\" alt=\"\" class=\"wp-image-1000\" style=\"width:1182px;height:auto\" srcset=\"https:\/\/www.izmirilahiyatvakfi.org.tr\/wp-content\/uploads\/2025\/05\/TEST1-1024x246.jpg 1024w, https:\/\/www.izmirilahiyatvakfi.org.tr\/wp-content\/uploads\/2025\/05\/TEST1-300x72.jpg 300w, https:\/\/www.izmirilahiyatvakfi.org.tr\/wp-content\/uploads\/2025\/05\/TEST1-768x184.jpg 768w, https:\/\/www.izmirilahiyatvakfi.org.tr\/wp-content\/uploads\/2025\/05\/TEST1-1536x368.jpg 1536w, https:\/\/www.izmirilahiyatvakfi.org.tr\/wp-content\/uploads\/2025\/05\/TEST1-2048x491.jpg 2048w\" sizes=\"auto, (max-width: 1024px) 100vw, 1024px\" \/><\/figure>\n<\/div>\n\n\n<div style=\"height:35px\" aria-hidden=\"true\" class=\"wp-block-spacer\"><\/div>\n\n\n\n<hr class=\"wp-block-separator has-alpha-channel-opacity\"\/>\n\n\n\n<div class=\"wp-block-columns is-layout-flex wp-container-core-columns-is-layout-9d6595d7 wp-block-columns-is-layout-flex\">\n<div class=\"wp-block-column neve-duotone is-layout-flow wp-block-column-is-layout-flow\" style=\"padding-right:var(--wp--preset--spacing--30);padding-left:var(--wp--preset--spacing--30)\">\n<div style=\"height:16px\" aria-hidden=\"true\" class=\"wp-block-spacer\"><\/div>\n\n\n<div class=\"wp-block-image\">\n<figure class=\"aligncenter size-large is-resized\"><img loading=\"lazy\" decoding=\"async\" width=\"1024\" height=\"981\" src=\"http:\/\/www.izmirilahiyatvakfi.org.tr\/wp-content\/uploads\/2025\/05\/YARDIMELI-1024x981.png\" alt=\"\" class=\"wp-image-1011\" style=\"width:305px;height:auto\" srcset=\"https:\/\/www.izmirilahiyatvakfi.org.tr\/wp-content\/uploads\/2025\/05\/YARDIMELI-1024x981.png 1024w, https:\/\/www.izmirilahiyatvakfi.org.tr\/wp-content\/uploads\/2025\/05\/YARDIMELI-300x287.png 300w, https:\/\/www.izmirilahiyatvakfi.org.tr\/wp-content\/uploads\/2025\/05\/YARDIMELI-768x736.png 768w, https:\/\/www.izmirilahiyatvakfi.org.tr\/wp-content\/uploads\/2025\/05\/YARDIMELI.png 1150w\" sizes=\"auto, (max-width: 1024px) 100vw, 1024px\" \/><\/figure>\n<\/div>\n\n\n<div style=\"height:37px\" aria-hidden=\"true\" class=\"wp-block-spacer\"><\/div>\n<\/div>\n\n\n\n<div class=\"wp-block-column is-layout-flow wp-block-column-is-layout-flow\" style=\"padding-right:var(--wp--preset--spacing--30);padding-left:var(--wp--preset--spacing--30)\">\n<div style=\"height:16px\" aria-hidden=\"true\" class=\"wp-block-spacer\"><\/div>\n\n\n\n<p class=\"has-text-align-center\"><strong>\u0130zmir \u0130lahiyat Fak\u00fcltesi Vakf\u0131m\u0131za<\/strong><br><strong>yapt\u0131\u011f\u0131n\u0131z her ba\u011f\u0131\u015f, \u00f6\u011frencilerimize burs,<\/strong><br><strong>\u0130zmir \u0130lahiyat Fak\u00fcltesi e\u011fitim-\u00f6\u011fretim faaliyetlerine <\/strong><br><strong>kaynak ve insana yap\u0131lm\u0131\u015f bir yat\u0131r\u0131m olarak de\u011ferlendirilmektedir.<\/strong><br><strong>Vakf\u0131m\u0131z, siz de\u011ferli ba\u011f\u0131\u015f\u00e7\u0131lar\u0131m\u0131z\u0131n destekleriyle daha g\u00fc\u00e7l\u00fc hale gelecektir.<\/strong><br><strong>Vakf\u0131m\u0131za bug\u00fcne kadar yapt\u0131\u011f\u0131n\u0131z madd\u00ee-manev\u00ee katk\u0131 ve desteklerinizden dolay\u0131 te\u015fekk\u00fcr eder, <\/strong><br><strong>i\u015flerinizde kolayl\u0131klar ve hay\u0131rl\u0131 g\u00fcnler dileriz. <\/strong><\/p>\n\n\n\n<div style=\"height:20px\" aria-hidden=\"true\" class=\"wp-block-spacer\"><\/div>\n<\/div>\n<\/div>\n\n\n\n<hr class=\"wp-block-separator has-alpha-channel-opacity\"\/>\n\n\n\n<div style=\"height:35px\" aria-hidden=\"true\" class=\"wp-block-spacer\"><\/div>\n\n\n\n<div class=\"wp-block-columns is-layout-flex wp-container-core-columns-is-layout-9d6595d7 wp-block-columns-is-layout-flex\">\n<div class=\"wp-block-column neve-duotone is-layout-flow wp-block-column-is-layout-flow\" style=\"padding-right:var(--wp--preset--spacing--30);padding-left:var(--wp--preset--spacing--30)\"><div class=\"wp-block-image icon-style is-style-default wp-duotone-unset-1\">\n<figure class=\"aligncenter size-full is-resized has-custom-border\"><a href=\"https:\/\/www.izmirilahiyatvakfi.org.tr\/?page_id=1025\"><img loading=\"lazy\" decoding=\"async\" width=\"253\" height=\"263\" src=\"http:\/\/www.izmirilahiyatvakfi.org.tr\/wp-content\/uploads\/2024\/10\/hakkimizda1-Kucuk-Ozel.png\" alt=\"\" class=\"wp-image-978\" style=\"border-radius:0px;width:104px;height:auto\" title=\"\"\/><\/a><\/figure>\n<\/div>\n\n\n<div style=\"height:16px\" aria-hidden=\"true\" class=\"wp-block-spacer\"><\/div>\n\n\n\n<h3 class=\"wp-block-heading has-text-align-center has-neve-text-color-color has-text-color\">Hakk\u0131m\u0131zda<\/h3>\n\n\n\n<p class=\"has-text-align-center\">Gayemiz, <br>Amac\u0131m\u0131z<br>Faaliyet Alanlar\u0131m\u0131z<\/p>\n\n\n\n<div style=\"height:20px\" aria-hidden=\"true\" class=\"wp-block-spacer\"><\/div>\n<\/div>\n\n\n\n<div class=\"wp-block-column is-layout-flow wp-block-column-is-layout-flow\" style=\"padding-right:var(--wp--preset--spacing--30);padding-left:var(--wp--preset--spacing--30)\"><div class=\"wp-block-image icon-style is-style-default\">\n<figure class=\"aligncenter size-full is-resized has-custom-border\"><img loading=\"lazy\" decoding=\"async\" width=\"495\" height=\"473\" src=\"http:\/\/www.izmirilahiyatvakfi.org.tr\/wp-content\/uploads\/2024\/10\/hizmet1.png\" alt=\"\" class=\"wp-image-979\" style=\"border-radius:0px;width:113px;height:auto\" title=\"\" srcset=\"https:\/\/www.izmirilahiyatvakfi.org.tr\/wp-content\/uploads\/2024\/10\/hizmet1.png 495w, https:\/\/www.izmirilahiyatvakfi.org.tr\/wp-content\/uploads\/2024\/10\/hizmet1-300x287.png 300w\" sizes=\"auto, (max-width: 495px) 100vw, 495px\" \/><\/figure>\n<\/div>\n\n\n<div style=\"height:16px\" aria-hidden=\"true\" class=\"wp-block-spacer\"><\/div>\n\n\n\n<h3 class=\"wp-block-heading has-text-align-center has-neve-text-color-color has-text-color\">Hizmetler<\/h3>\n\n\n\n<p class=\"has-text-align-center\">Ba\u011f\u0131\u015f<br>Burs<br>Bar\u0131nma<\/p>\n\n\n\n<div style=\"height:20px\" aria-hidden=\"true\" class=\"wp-block-spacer\"><\/div>\n<\/div>\n\n\n\n<div class=\"wp-block-column is-layout-flow wp-block-column-is-layout-flow\" style=\"padding-right:var(--wp--preset--spacing--30);padding-left:var(--wp--preset--spacing--30)\"><div class=\"wp-block-image icon-style is-style-default wp-duotone-unset-2\">\n<figure class=\"aligncenter size-full is-resized has-custom-border\"><img loading=\"lazy\" decoding=\"async\" width=\"319\" height=\"224\" src=\"http:\/\/www.izmirilahiyatvakfi.org.tr\/wp-content\/uploads\/2024\/10\/faaliyet1.png\" alt=\"\" class=\"wp-image-980\" style=\"border-radius:0px;width:150px;height:auto\" title=\"\" srcset=\"https:\/\/www.izmirilahiyatvakfi.org.tr\/wp-content\/uploads\/2024\/10\/faaliyet1.png 319w, https:\/\/www.izmirilahiyatvakfi.org.tr\/wp-content\/uploads\/2024\/10\/faaliyet1-300x211.png 300w\" sizes=\"auto, (max-width: 319px) 100vw, 319px\" \/><\/figure>\n<\/div>\n\n\n<div style=\"height:16px\" aria-hidden=\"true\" class=\"wp-block-spacer\"><\/div>\n\n\n\n<h3 class=\"wp-block-heading has-text-align-center has-neve-text-color-color has-text-color\">Faaliyetler<\/h3>\n\n\n\n<p class=\"has-text-align-center\">Test<\/p>\n\n\n\n<div style=\"height:20px\" aria-hidden=\"true\" class=\"wp-block-spacer\"><\/div>\n<\/div>\n\n\n\n<div class=\"wp-block-column is-layout-flow wp-block-column-is-layout-flow\" style=\"padding-right:var(--wp--preset--spacing--30);padding-left:var(--wp--preset--spacing--30)\"><div class=\"wp-block-image icon-style is-style-default wp-duotone-unset-3\">\n<figure class=\"aligncenter size-full is-resized has-custom-border\"><img loading=\"lazy\" decoding=\"async\" width=\"345\" height=\"352\" src=\"http:\/\/www.izmirilahiyatvakfi.org.tr\/wp-content\/uploads\/2024\/10\/egitim-kultur.png\" alt=\"\" class=\"wp-image-983\" style=\"border-radius:0px;width:104px;height:auto\" title=\"\" srcset=\"https:\/\/www.izmirilahiyatvakfi.org.tr\/wp-content\/uploads\/2024\/10\/egitim-kultur.png 345w, https:\/\/www.izmirilahiyatvakfi.org.tr\/wp-content\/uploads\/2024\/10\/egitim-kultur-294x300.png 294w\" sizes=\"auto, (max-width: 345px) 100vw, 345px\" \/><\/figure>\n<\/div>\n\n\n<div style=\"height:16px\" aria-hidden=\"true\" class=\"wp-block-spacer\"><\/div>\n\n\n\n<h3 class=\"wp-block-heading has-text-align-center has-neve-text-color-color has-text-color\">E\u011fitim-K\u00fclt\u00fcr<\/h3>\n\n\n\n<p class=\"has-text-align-center\">Test<\/p>\n\n\n\n<div style=\"height:20px\" aria-hidden=\"true\" class=\"wp-block-spacer\"><\/div>\n<\/div>\n\n\n\n<div class=\"wp-block-column is-layout-flow wp-block-column-is-layout-flow\" style=\"padding-right:var(--wp--preset--spacing--30);padding-left:var(--wp--preset--spacing--30)\"><div class=\"wp-block-image icon-style is-style-default wp-duotone-unset-4\">\n<figure class=\"aligncenter size-full is-resized has-custom-border\"><img loading=\"lazy\" decoding=\"async\" width=\"870\" height=\"721\" src=\"http:\/\/www.izmirilahiyatvakfi.org.tr\/wp-content\/uploads\/2024\/10\/FORM1.png\" alt=\"\" class=\"wp-image-981\" style=\"border-radius:0px;width:121px;height:auto\" title=\"\" srcset=\"https:\/\/www.izmirilahiyatvakfi.org.tr\/wp-content\/uploads\/2024\/10\/FORM1.png 870w, https:\/\/www.izmirilahiyatvakfi.org.tr\/wp-content\/uploads\/2024\/10\/FORM1-300x249.png 300w, https:\/\/www.izmirilahiyatvakfi.org.tr\/wp-content\/uploads\/2024\/10\/FORM1-768x636.png 768w\" sizes=\"auto, (max-width: 870px) 100vw, 870px\" \/><\/figure>\n<\/div>\n\n\n<div style=\"height:16px\" aria-hidden=\"true\" class=\"wp-block-spacer\"><\/div>\n\n\n\n<h3 class=\"wp-block-heading has-text-align-center has-neve-text-color-color has-text-color\">Formlar<\/h3>\n\n\n\n<p class=\"has-text-align-center\">Burs ve Bar\u0131nma<br>Ba\u015fvurular\u0131<\/p>\n\n\n\n<div style=\"height:20px\" aria-hidden=\"true\" class=\"wp-block-spacer\"><\/div>\n<\/div>\n<\/div>\n\n\n\n<hr class=\"wp-block-separator has-alpha-channel-opacity\"\/>\n\n\n\n<div style=\"height:28px\" aria-hidden=\"true\" class=\"wp-block-spacer\"><\/div>\n\n\n\n<div class=\"wp-block-columns is-layout-flex wp-container-core-columns-is-layout-9d6595d7 wp-block-columns-is-layout-flex\">\n<div class=\"wp-block-column is-layout-flow wp-block-column-is-layout-flow\">\n<h3 class=\"wp-block-heading\">Adres:<br>\u0130zmir \u0130lahiyat Fak\u00fcltesi Vakf\u0131<br>\u0130n\u00f6n\u00fc Caddesi<br>108\/2 sokak. No: 17-17\/B<br>Hatay\/\u0130ZM\u0130R<br>TEL : 0 232 2855342<br>CEP : 0 507 4413029<\/h3>\n<\/div>\n\n\n\n<div class=\"wp-block-column is-layout-flow wp-block-column-is-layout-flow\">\n<h3 class=\"wp-block-heading\">Hesap Numaras\u0131 :<br>TC Ziraat Bankas\u0131 <br>IBAN : <strong>TR43 0001 0010 4335 9272 4450 02<\/strong><br>Hesap No : 35927244-5002<br>1043-Ye\u015filyurt \/ \u0130ZM\u0130R \u015eubesi<br>Hesap Sahibi : \u0130zmir \u0130lahiyat Fak\u00fcltesi V.<\/h3>\n<\/div>\n<\/div>\n\n\n\n<p><\/p>\n","protected":false},"excerpt":{"rendered":"<p>\u0130zmir \u0130lahiyat Fak\u00fcltesi Vakf\u0131m\u0131zayapt\u0131\u011f\u0131n\u0131z her ba\u011f\u0131\u015f, \u00f6\u011frencilerimize burs,\u0130zmir \u0130lahiyat Fak\u00fcltesi e\u011fitim-\u00f6\u011fretim faaliyetlerine kaynak ve insana yap\u0131lm\u0131\u015f bir yat\u0131r\u0131m olarak de\u011ferlendirilmektedir.Vakf\u0131m\u0131z, siz de\u011ferli ba\u011f\u0131\u015f\u00e7\u0131lar\u0131m\u0131z\u0131n destekleriyle daha g\u00fc\u00e7l\u00fc hale gelecektir.Vakf\u0131m\u0131za bug\u00fcne kadar yapt\u0131\u011f\u0131n\u0131z madd\u00ee-manev\u00ee katk\u0131 ve desteklerinizden dolay\u0131 te\u015fekk\u00fcr eder, i\u015flerinizde kolayl\u0131klar ve hay\u0131rl\u0131 g\u00fcnler dileriz. Hakk\u0131m\u0131zda Gayemiz, Amac\u0131m\u0131zFaaliyet Alanlar\u0131m\u0131z Hizmetler Ba\u011f\u0131\u015fBursBar\u0131nma Faaliyetler Test E\u011fitim-K\u00fclt\u00fcr Test Formlar&hellip;&nbsp;<a href=\"https:\/\/www.izmirilahiyatvakfi.org.tr\/\" rel=\"bookmark\">Daha fazlas\u0131n\u0131 oku &raquo;<span class=\"screen-reader-text\">Ana Sayfa<\/span><\/a><\/p>\n","protected":false},"author":1,"featured_media":0,"parent":0,"menu_order":0,"comment_status":"closed","ping_status":"closed","template":"","meta":{"neve_meta_sidebar":"default","neve_meta_container":"default","neve_meta_enable_content_width":"on","neve_meta_content_width":100,"neve_meta_title_alignment":"","neve_meta_author_avatar":"","neve_post_elements_order":"","neve_meta_disable_header":"","neve_meta_disable_footer":"","neve_meta_disable_title":"on","_themeisle_gutenberg_block_has_review":false,"footnotes":""},"class_list":["post-946","page","type-page","status-publish","hentry"],"_links":{"self":[{"href":"https:\/\/www.izmirilahiyatvakfi.org.tr\/index.php?rest_route=\/wp\/v2\/pages\/946","targetHints":{"allow":["GET"]}}],"collection":[{"href":"https:\/\/www.izmirilahiyatvakfi.org.tr\/index.php?rest_route=\/wp\/v2\/pages"}],"about":[{"href":"https:\/\/www.izmirilahiyatvakfi.org.tr\/index.php?rest_route=\/wp\/v2\/types\/page"}],"author":[{"embeddable":true,"href":"https:\/\/www.izmirilahiyatvakfi.org.tr\/index.php?rest_route=\/wp\/v2\/users\/1"}],"replies":[{"embeddable":true,"href":"https:\/\/www.izmirilahiyatvakfi.org.tr\/index.php?rest_route=%2Fwp%2Fv2%2Fcomments&post=946"}],"version-history":[{"count":31,"href":"https:\/\/www.izmirilahiyatvakfi.org.tr\/index.php?rest_route=\/wp\/v2\/pages\/946\/revisions"}],"predecessor-version":[{"id":1106,"href":"https:\/\/www.izmirilahiyatvakfi.org.tr\/index.php?rest_route=\/wp\/v2\/pages\/946\/revisions\/1106"}],"wp:attachment":[{"href":"https:\/\/www.izmirilahiyatvakfi.org.tr\/index.php?rest_route=%2Fwp%2Fv2%2Fmedia&parent=946"}],"curies":[{"name":"wp","href":"https:\/\/api.w.org\/{rel}","templated":true}]}}